{"id":2444,"date":"2025-09-10T13:10:05","date_gmt":"2025-09-10T13:10:05","guid":{"rendered":"https:\/\/bullkero.com\/?page_id=2444"},"modified":"2025-10-14T07:27:34","modified_gmt":"2025-10-14T07:27:34","slug":"webinars","status":"publish","type":"page","link":"https:\/\/bullkero.com\/es\/webinars","title":{"rendered":"Webinars"},"content":{"rendered":"","protected":false},"excerpt":{"rendered":"","protected":false},"author":1,"featured_media":0,"parent":0,"menu_order":0,"comment_status":"closed","ping_status":"closed","template":"templates\/template-webinars.php","meta":{"inline_featured_image":false,"footnotes":""},"class_list":["post-2444","page","type-page","status-publish","hentry"],"acf":[],"yoast_head":"<!-- This site is optimized with the Yoast SEO plugin v23.2 - https:\/\/yoast.com\/wordpress\/plugins\/seo\/ -->\n<title>Webinars | Bullkero<\/title>\n<meta name=\"description\" content=\"Webinars | Opera con m\u00e1s de 1000 activos con bajas comisiones, plataformas seguras y an\u00e1lisis de expertos. \u00danete a BullKero para invertir, aprender y hacer crecer tu patrimonio con confianza.\" \/>\n<meta name=\"robots\" content=\"index, follow, max-snippet:-1, max-image-preview:large, max-video-preview:-1\" \/>\n<link rel=\"canonical\" href=\"https:\/\/bullkero.com\/es\/webinars\" \/>\n<meta property=\"og:locale\" content=\"es_ES\" \/>\n<meta property=\"og:type\" content=\"article\" \/>\n<meta property=\"og:title\" content=\"Webinars | Bullkero\" \/>\n<meta property=\"og:description\" content=\"Webinars | Opera con m\u00e1s de 1000 activos con bajas comisiones, plataformas seguras y an\u00e1lisis de expertos. \u00danete a BullKero para invertir, aprender y hacer crecer tu patrimonio con confianza.\" \/>\n<meta property=\"og:url\" content=\"https:\/\/bullkero.com\/es\/webinars\" \/>\n<meta property=\"og:site_name\" content=\"Bullkero\" \/>\n<meta property=\"article:modified_time\" content=\"2025-10-14T07:27:34+00:00\" \/>\n<meta property=\"og:image\" content=\"https:\/\/bullkero.com\/wp-content\/uploads\/2024\/11\/432562.png\" \/>\n\t<meta property=\"og:image:width\" content=\"1138\" \/>\n\t<meta property=\"og:image:height\" content=\"264\" \/>\n\t<meta property=\"og:image:type\" content=\"image\/png\" \/>\n<meta name=\"twitter:card\" content=\"summary_large_image\" \/>\n<script type=\"application\/ld+json\" class=\"yoast-schema-graph\">{\"@context\":\"https:\/\/schema.org\",\"@graph\":[{\"@type\":\"WebPage\",\"@id\":\"https:\/\/bullkero.com\/es\/webinars\",\"url\":\"https:\/\/bullkero.com\/es\/webinars\",\"name\":\"Webinars | Bullkero\",\"isPartOf\":{\"@id\":\"https:\/\/bullkero.com\/es#website\"},\"datePublished\":\"2025-09-10T13:10:05+00:00\",\"dateModified\":\"2025-10-14T07:27:34+00:00\",\"description\":\"Webinars | Opera con m\u00e1s de 1000 activos con bajas comisiones, plataformas seguras y an\u00e1lisis de expertos. \u00danete a BullKero para invertir, aprender y hacer crecer tu patrimonio con confianza.\",\"breadcrumb\":{\"@id\":\"https:\/\/bullkero.com\/es\/webinars#breadcrumb\"},\"inLanguage\":\"es\",\"potentialAction\":[{\"@type\":\"ReadAction\",\"target\":[\"https:\/\/bullkero.com\/es\/webinars\"]}]},{\"@type\":\"BreadcrumbList\",\"@id\":\"https:\/\/bullkero.com\/es\/webinars#breadcrumb\",\"itemListElement\":[{\"@type\":\"ListItem\",\"position\":1,\"name\":\"Home\",\"item\":\"https:\/\/bullkero.com\/es\"},{\"@type\":\"ListItem\",\"position\":2,\"name\":\"Webinars\"}]},{\"@type\":\"WebSite\",\"@id\":\"https:\/\/bullkero.com\/es#website\",\"url\":\"https:\/\/bullkero.com\/es\",\"name\":\"Bullkero\",\"description\":\"\",\"publisher\":{\"@id\":\"https:\/\/bullkero.com\/es#organization\"},\"alternateName\":\"Bullkero\",\"potentialAction\":[{\"@type\":\"SearchAction\",\"target\":{\"@type\":\"EntryPoint\",\"urlTemplate\":\"https:\/\/bullkero.com\/es?s={search_term_string}\"},\"query-input\":\"required name=search_term_string\"}],\"inLanguage\":\"es\"},{\"@type\":\"Organization\",\"@id\":\"https:\/\/bullkero.com\/es#organization\",\"name\":\"Bullkero\",\"url\":\"https:\/\/bullkero.com\/es\",\"logo\":{\"@type\":\"ImageObject\",\"inLanguage\":\"es\",\"@id\":\"https:\/\/bullkero.com\/es#\/schema\/logo\/image\/\",\"url\":\"https:\/\/bullkero.com\/wp-content\/uploads\/2024\/07\/logo.svg\",\"contentUrl\":\"https:\/\/bullkero.com\/wp-content\/uploads\/2024\/07\/logo.svg\",\"width\":172,\"height\":51,\"caption\":\"Bullkero\"},\"image\":{\"@id\":\"https:\/\/bullkero.com\/es#\/schema\/logo\/image\/\"}}]}<\/script>\n<!-- \/ Yoast SEO plugin. -->","yoast_head_json":{"title":"Webinars | Bullkero","description":"Webinars | Opera con m\u00e1s de 1000 activos con bajas comisiones, plataformas seguras y an\u00e1lisis de expertos. \u00danete a BullKero para invertir, aprender y hacer crecer tu patrimonio con confianza.","robots":{"index":"index","follow":"follow","max-snippet":"max-snippet:-1","max-image-preview":"max-image-preview:large","max-video-preview":"max-video-preview:-1"},"canonical":"https:\/\/bullkero.com\/es\/webinars","og_locale":"es_ES","og_type":"article","og_title":"Webinars | Bullkero","og_description":"Webinars | Opera con m\u00e1s de 1000 activos con bajas comisiones, plataformas seguras y an\u00e1lisis de expertos. \u00danete a BullKero para invertir, aprender y hacer crecer tu patrimonio con confianza.","og_url":"https:\/\/bullkero.com\/es\/webinars","og_site_name":"Bullkero","article_modified_time":"2025-10-14T07:27:34+00:00","og_image":[{"width":1138,"height":264,"url":"https:\/\/bullkero.com\/wp-content\/uploads\/2024\/11\/432562.png","type":"image\/png"}],"twitter_card":"summary_large_image","schema":{"@context":"https:\/\/schema.org","@graph":[{"@type":"WebPage","@id":"https:\/\/bullkero.com\/es\/webinars","url":"https:\/\/bullkero.com\/es\/webinars","name":"Webinars | Bullkero","isPartOf":{"@id":"https:\/\/bullkero.com\/es#website"},"datePublished":"2025-09-10T13:10:05+00:00","dateModified":"2025-10-14T07:27:34+00:00","description":"Webinars | Opera con m\u00e1s de 1000 activos con bajas comisiones, plataformas seguras y an\u00e1lisis de expertos. \u00danete a BullKero para invertir, aprender y hacer crecer tu patrimonio con confianza.","breadcrumb":{"@id":"https:\/\/bullkero.com\/es\/webinars#breadcrumb"},"inLanguage":"es","potentialAction":[{"@type":"ReadAction","target":["https:\/\/bullkero.com\/es\/webinars"]}]},{"@type":"BreadcrumbList","@id":"https:\/\/bullkero.com\/es\/webinars#breadcrumb","itemListElement":[{"@type":"ListItem","position":1,"name":"Home","item":"https:\/\/bullkero.com\/es"},{"@type":"ListItem","position":2,"name":"Webinars"}]},{"@type":"WebSite","@id":"https:\/\/bullkero.com\/es#website","url":"https:\/\/bullkero.com\/es","name":"Bullkero","description":"","publisher":{"@id":"https:\/\/bullkero.com\/es#organization"},"alternateName":"Bullkero","potentialAction":[{"@type":"SearchAction","target":{"@type":"EntryPoint","urlTemplate":"https:\/\/bullkero.com\/es?s={search_term_string}"},"query-input":"required name=search_term_string"}],"inLanguage":"es"},{"@type":"Organization","@id":"https:\/\/bullkero.com\/es#organization","name":"Bullkero","url":"https:\/\/bullkero.com\/es","logo":{"@type":"ImageObject","inLanguage":"es","@id":"https:\/\/bullkero.com\/es#\/schema\/logo\/image\/","url":"https:\/\/bullkero.com\/wp-content\/uploads\/2024\/07\/logo.svg","contentUrl":"https:\/\/bullkero.com\/wp-content\/uploads\/2024\/07\/logo.svg","width":172,"height":51,"caption":"Bullkero"},"image":{"@id":"https:\/\/bullkero.com\/es#\/schema\/logo\/image\/"}}]}},"_links":{"self":[{"href":"https:\/\/bullkero.com\/es\/wp-json\/wp\/v2\/pages\/2444","targetHints":{"allow":["GET"]}}],"collection":[{"href":"https:\/\/bullkero.com\/es\/wp-json\/wp\/v2\/pages"}],"about":[{"href":"https:\/\/bullkero.com\/es\/wp-json\/wp\/v2\/types\/page"}],"author":[{"embeddable":true,"href":"https:\/\/bullkero.com\/es\/wp-json\/wp\/v2\/users\/1"}],"replies":[{"embeddable":true,"href":"https:\/\/bullkero.com\/es\/wp-json\/wp\/v2\/comments?post=2444"}],"version-history":[{"count":8,"href":"https:\/\/bullkero.com\/es\/wp-json\/wp\/v2\/pages\/2444\/revisions"}],"predecessor-version":[{"id":3402,"href":"https:\/\/bullkero.com\/es\/wp-json\/wp\/v2\/pages\/2444\/revisions\/3402"}],"wp:attachment":[{"href":"https:\/\/bullkero.com\/es\/wp-json\/wp\/v2\/media?parent=2444"}],"curies":[{"name":"wp","href":"https:\/\/api.w.org\/{rel}","templated":true}]}}